{"id":17640,"date":"2024-09-17T09:39:15","date_gmt":"2024-09-17T15:39:15","guid":{"rendered":"https:\/\/viajayvuela.com.mx\/?page_id=17640"},"modified":"2024-09-17T09:44:16","modified_gmt":"2024-09-17T15:44:16","slug":"terminos-y-condiciones","status":"publish","type":"page","link":"https:\/\/viajayvuela.framelova.info\/en\/terminos-y-condiciones\/","title":{"rendered":"T\u00e9rminos y condiciones"},"content":{"rendered":"<div data-elementor-type=\"wp-page\" data-elementor-id=\"17640\" class=\"elementor elementor-17640\" data-elementor-post-type=\"page\">\n\t\t\t\t<section data-particle_enable=\"false\" data-particle-mobile-disabled=\"false\" class=\"elementor-section elementor-top-section elementor-element elementor-element-4b4420f8 elementor-section-boxed elementor-section-height-default elementor-section-height-default\" data-id=\"4b4420f8\" data-element_type=\"section\">\n\t\t\t\t\t\t<div class=\"elementor-container elementor-column-gap-default\">\n\t\t\t\t\t<div class=\"elementor-column elementor-col-100 elementor-top-column elementor-element elementor-element-70109fa3\" data-id=\"70109fa3\" data-element_type=\"column\">\n\t\t\t<div class=\"elementor-widget-wrap elementor-element-populated\">\n\t\t\t\t\t\t<div class=\"elementor-element elementor-element-77ecf3a elementor-widget elementor-widget-heading\" data-id=\"77ecf3a\" data-element_type=\"widget\" data-widget_type=\"heading.default\">\n\t\t\t\t<div class=\"elementor-widget-container\">\n\t\t\t\t\t<h2 class=\"elementor-heading-title elementor-size-default\">T\u00c9RMINOS Y CONDICIONES<br\/>\nPREVENTA DE BOLETOS DEL OUTLET VIAJA Y VUELA<\/h2>\t\t\t\t<\/div>\n\t\t\t\t<\/div>\n\t\t\t\t<div class=\"elementor-element elementor-element-4b67104 elementor-widget-divider--view-line elementor-widget elementor-widget-divider\" data-id=\"4b67104\" data-element_type=\"widget\" data-widget_type=\"divider.default\">\n\t\t\t\t<div class=\"elementor-widget-container\">\n\t\t\t\t\t\t\t<div class=\"elementor-divider\">\n\t\t\t<span class=\"elementor-divider-separator\">\n\t\t\t\t\t\t<\/span>\n\t\t<\/div>\n\t\t\t\t\t\t<\/div>\n\t\t\t\t<\/div>\n\t\t\t\t<div class=\"elementor-element elementor-element-674e8478 elementor-widget elementor-widget-text-editor\" data-id=\"674e8478\" data-element_type=\"widget\" data-widget_type=\"text-editor.default\">\n\t\t\t\t<div class=\"elementor-widget-container\"><p>Bienvenidos a <strong>viajayvuela.framelova.info<\/strong>, el sitio web del Evento <strong>\u201cOUTLET VIAJA Y VUELA\u201d.<\/strong><\/p>\n<p>Agradecemos tu inter\u00e9s en nuestro servicio de VENTA de boletos de ingreso al OUTLET VIAJA Y VUELA a trav\u00e9s de esta PREVENTA. Antes de continuar, es importante que revises y aceptes los siguientes t\u00e9rminos y condiciones que rigen el uso de nuestro sitio web y la informaci\u00f3n que compartes con nosotros.<\/p>\n<p>El <strong>\u201cOUTLET VIAJA Y VUELA\u201d<\/strong> es operado por las empresas OUTLET VIAJA Y VUELA, S.A. de C.V. y OPCI\u00d3N COMUNICACI\u00d3N VISUAL, S.A. DE C.V., Nos especializamos en la organizaci\u00f3n y operaci\u00f3n de este evento de venta de paquetes de viajes, servicios tur\u00edsticos, estudios en el extranjero y todas las ofertas tur\u00edsticas que presenten las empresas participantes.<\/p>\n<p><strong>Informaci\u00f3n Recopilada:<\/strong><\/p>\n<p>Para brindarte un servicio personalizado, recopilamos informaci\u00f3n como tu nombre completo, n\u00famero de tel\u00e9fono celular y direcci\u00f3n de correo electr\u00f3nico.\u00a0Esta informaci\u00f3n tambi\u00e9n puede incluir tu direcci\u00f3n y datos bancarios (N\u00famero de tarjeta de cr\u00e9dito, fecha de vencimiento, c\u00f3digo de seguridad y pa\u00eds de origen) para el pago del boleto de entrada.<\/p>\n<p><strong>Base de Datos de Personas Interesadas:<\/strong><\/p>\n<p>Internamente, \u201cOUTLET VIAJA Y VUELA\u201d crea y gestiona una base de datos de personas interesadas para poder contactarte y proporcionarte la informaci\u00f3n necesaria sobre nuestras futuras ofertas de preventa para los eventos. Esta base de datos se almacena en servidores seguros y est\u00e1 protegida por medidas de seguridad como firewalls y cifrado.<\/p>\n<p>Tenga en cuenta que el pago por la compra del boleto y los cargos por servicio de pago con tarjeta no son reembolsables.<\/p>\n<p><strong>Uso de la Informaci\u00f3n:<\/strong><\/p>\n<p>La informaci\u00f3n recopilada se utiliza exclusivamente para los siguientes fines:<\/p>\n<ul>\n<li>Generar la preventa de boleto de entrada al OUTLET VIAJA Y VUELA, identificar a la persona que compra<\/li>\n<li>Contactarte y proporcionarte la confirmaci\u00f3n de venta y sobre nuestras ofertas posteriores.<\/li>\n<li>Generar informes internos con el prop\u00f3sito de mejorar nuestros servicios.<\/li>\n<\/ul>\n<p><strong>Derechos de los Usuarios:<\/strong><\/p>\n<p>Los usuarios tienen el derecho de solicitar acceso, correcci\u00f3n y eliminaci\u00f3n de sus datos personales almacenados en nuestra base de datos. Para hacerlo, puedes enviar un correo electr\u00f3nico a <a href=\"mailto:jscm@grupo-opcion.com.mx\">jscm@grupo-opcion.com.mx<\/a><\/p>\n<p><strong>Responsabilidades:<\/strong><\/p>\n<p>OUTLET VIAJA Y VUELA se compromete a proteger la privacidad de los usuarios y a tomar medidas de seguridad adecuadas para salvaguardar la informaci\u00f3n proporcionada.<\/p>\n<p><strong>Actualizaci\u00f3n del Sitio Web:<\/strong><\/p>\n<p><strong>viajayvuela.framelova.info<\/strong> OUTLET VIAJA Y VUELA se reserva el derecho de realizar actualizaciones peri\u00f3dicas en el sitio web, incluyendo cambios en los t\u00e9rminos y condiciones. Los usuarios ser\u00e1n notificados de tales cambios por correo electr\u00f3nico o mediante una publicaci\u00f3n en el sitio web.<\/p>\n<p>Al utilizar <strong>viajayvuela.framelova.info<\/strong>, aceptas estos t\u00e9rminos y condiciones. Te recomendamos revisar esta secci\u00f3n regularmente para estar al tanto de cualquier actualizaci\u00f3n.<\/p>\n<p>Si tienes alguna pregunta o inquietud, no dudes en contactarnos.<\/p>\n<p>\u00a1Gracias por confiar en OUTLET VIAJA Y VUELA, S.A. de C.V. y OPCI\u00d3N COMUNICACI\u00d3N VISUAL, S.A. DE C.V. y en la p\u00e1gina <strong>viajayvuela.framelova.info<\/strong><\/p>\n<p><strong><u>\u00daltima fecha de actualizaci\u00f3n 13 de septiembre de 2024<\/u><\/strong><\/p><\/div>\n\t\t\t\t<\/div>\n\t\t\t\t\t<\/div>\n\t\t<\/div>\n\t\t\t\t\t<\/div>\n\t\t<\/section>\t\t<\/div>","protected":false},"excerpt":{"rendered":"<p>T\u00c9RMINOS Y CONDICIONES PREVENTA DE BOLETOS DEL OUTLET VIAJA Y VUELA Bienvenidos a viajayvuela.framelova.info, el sitio web del Evento \u201cOUTLET VIAJA Y VUELA\u201d. Agradecemos tu inter\u00e9s en nuestro servicio de VENTA de boletos de ingreso al OUTLET VIAJA Y VUELA a trav\u00e9s de esta PREVENTA. Antes de continuar, es importante que revises y aceptes los [&hellip;]<\/p>","protected":false},"author":1,"featured_media":0,"parent":0,"menu_order":0,"comment_status":"closed","ping_status":"closed","template":"","meta":{"footnotes":""},"class_list":["post-17640","page","type-page","status-publish","hentry"],"yoast_head":"<!-- This site is optimized with the Yoast SEO plugin v24.8 - https:\/\/yoast.com\/wordpress\/plugins\/seo\/ -->\n<title>T\u00e9rminos y condiciones - Viaja y Vuela<\/title>\n<meta name=\"robots\" content=\"index, follow, max-snippet:-1, max-image-preview:large, max-video-preview:-1\" \/>\n<link rel=\"canonical\" href=\"https:\/\/viajayvuela.framelova.info\/en\/terminos-y-condiciones\/\" \/>\n<meta property=\"og:locale\" content=\"en_GB\" \/>\n<meta property=\"og:type\" content=\"article\" \/>\n<meta property=\"og:title\" content=\"T\u00e9rminos y condiciones - Viaja y Vuela\" \/>\n<meta property=\"og:description\" content=\"T\u00c9RMINOS Y CONDICIONES PREVENTA DE BOLETOS DEL OUTLET VIAJA Y VUELA Bienvenidos a viajayvuela.framelova.info, el sitio web del Evento \u201cOUTLET VIAJA Y VUELA\u201d. Agradecemos tu inter\u00e9s en nuestro servicio de VENTA de boletos de ingreso al OUTLET VIAJA Y VUELA a trav\u00e9s de esta PREVENTA. Antes de continuar, es importante que revises y aceptes los [&hellip;]\" \/>\n<meta property=\"og:url\" content=\"https:\/\/viajayvuela.framelova.info\/en\/terminos-y-condiciones\/\" \/>\n<meta property=\"og:site_name\" content=\"Viaja y Vuela\" \/>\n<meta property=\"article:modified_time\" content=\"2024-09-17T15:44:16+00:00\" \/>\n<meta name=\"twitter:card\" content=\"summary_large_image\" \/>\n<meta name=\"twitter:label1\" content=\"Estimated reading time\" \/>\n\t<meta name=\"twitter:data1\" content=\"3 minutes\" \/>\n<script type=\"application\/ld+json\" class=\"yoast-schema-graph\">{\"@context\":\"https:\/\/schema.org\",\"@graph\":[{\"@type\":\"WebPage\",\"@id\":\"https:\/\/viajayvuela.framelova.info\/terminos-y-condiciones\/\",\"url\":\"https:\/\/viajayvuela.framelova.info\/terminos-y-condiciones\/\",\"name\":\"T\u00e9rminos y condiciones - Viaja y Vuela\",\"isPartOf\":{\"@id\":\"https:\/\/viajayvuela.framelova.info\/#website\"},\"datePublished\":\"2024-09-17T15:39:15+00:00\",\"dateModified\":\"2024-09-17T15:44:16+00:00\",\"breadcrumb\":{\"@id\":\"https:\/\/viajayvuela.framelova.info\/terminos-y-condiciones\/#breadcrumb\"},\"inLanguage\":\"en-GB\",\"potentialAction\":[{\"@type\":\"ReadAction\",\"target\":[\"https:\/\/viajayvuela.framelova.info\/terminos-y-condiciones\/\"]}]},{\"@type\":\"BreadcrumbList\",\"@id\":\"https:\/\/viajayvuela.framelova.info\/terminos-y-condiciones\/#breadcrumb\",\"itemListElement\":[{\"@type\":\"ListItem\",\"position\":1,\"name\":\"Home\",\"item\":\"https:\/\/viajayvuela.framelova.info\/\"},{\"@type\":\"ListItem\",\"position\":2,\"name\":\"T\u00e9rminos y condiciones\"}]},{\"@type\":\"WebSite\",\"@id\":\"https:\/\/viajayvuela.framelova.info\/#website\",\"url\":\"https:\/\/viajayvuela.framelova.info\/\",\"name\":\"Viaja y Vuela\",\"description\":\"con tarifas outlet\",\"publisher\":{\"@id\":\"https:\/\/viajayvuela.framelova.info\/#organization\"},\"potentialAction\":[{\"@type\":\"SearchAction\",\"target\":{\"@type\":\"EntryPoint\",\"urlTemplate\":\"https:\/\/viajayvuela.framelova.info\/?s={search_term_string}\"},\"query-input\":{\"@type\":\"PropertyValueSpecification\",\"valueRequired\":true,\"valueName\":\"search_term_string\"}}],\"inLanguage\":\"en-GB\"},{\"@type\":\"Organization\",\"@id\":\"https:\/\/viajayvuela.framelova.info\/#organization\",\"name\":\"Viaja y Vuela\",\"url\":\"https:\/\/viajayvuela.framelova.info\/\",\"logo\":{\"@type\":\"ImageObject\",\"inLanguage\":\"en-GB\",\"@id\":\"https:\/\/viajayvuela.framelova.info\/#\/schema\/logo\/image\/\",\"url\":\"https:\/\/viajayvuela.framelova.info\/wp-content\/uploads\/2022\/07\/Logo-vaiaja-y-vuela.png\",\"contentUrl\":\"https:\/\/viajayvuela.framelova.info\/wp-content\/uploads\/2022\/07\/Logo-vaiaja-y-vuela.png\",\"width\":836,\"height\":1012,\"caption\":\"Viaja y Vuela\"},\"image\":{\"@id\":\"https:\/\/viajayvuela.framelova.info\/#\/schema\/logo\/image\/\"}}]}<\/script>\n<!-- \/ Yoast SEO plugin. -->","yoast_head_json":{"title":"T\u00e9rminos y condiciones - Viaja y Vuela","robots":{"index":"index","follow":"follow","max-snippet":"max-snippet:-1","max-image-preview":"max-image-preview:large","max-video-preview":"max-video-preview:-1"},"canonical":"https:\/\/viajayvuela.framelova.info\/en\/terminos-y-condiciones\/","og_locale":"en_GB","og_type":"article","og_title":"T\u00e9rminos y condiciones - Viaja y Vuela","og_description":"T\u00c9RMINOS Y CONDICIONES PREVENTA DE BOLETOS DEL OUTLET VIAJA Y VUELA Bienvenidos a viajayvuela.framelova.info, el sitio web del Evento \u201cOUTLET VIAJA Y VUELA\u201d. Agradecemos tu inter\u00e9s en nuestro servicio de VENTA de boletos de ingreso al OUTLET VIAJA Y VUELA a trav\u00e9s de esta PREVENTA. Antes de continuar, es importante que revises y aceptes los [&hellip;]","og_url":"https:\/\/viajayvuela.framelova.info\/en\/terminos-y-condiciones\/","og_site_name":"Viaja y Vuela","article_modified_time":"2024-09-17T15:44:16+00:00","twitter_card":"summary_large_image","twitter_misc":{"Estimated reading time":"3 minutes"},"schema":{"@context":"https:\/\/schema.org","@graph":[{"@type":"WebPage","@id":"https:\/\/viajayvuela.framelova.info\/terminos-y-condiciones\/","url":"https:\/\/viajayvuela.framelova.info\/terminos-y-condiciones\/","name":"T\u00e9rminos y condiciones - Viaja y Vuela","isPartOf":{"@id":"https:\/\/viajayvuela.framelova.info\/#website"},"datePublished":"2024-09-17T15:39:15+00:00","dateModified":"2024-09-17T15:44:16+00:00","breadcrumb":{"@id":"https:\/\/viajayvuela.framelova.info\/terminos-y-condiciones\/#breadcrumb"},"inLanguage":"en-GB","potentialAction":[{"@type":"ReadAction","target":["https:\/\/viajayvuela.framelova.info\/terminos-y-condiciones\/"]}]},{"@type":"BreadcrumbList","@id":"https:\/\/viajayvuela.framelova.info\/terminos-y-condiciones\/#breadcrumb","itemListElement":[{"@type":"ListItem","position":1,"name":"Home","item":"https:\/\/viajayvuela.framelova.info\/"},{"@type":"ListItem","position":2,"name":"T\u00e9rminos y condiciones"}]},{"@type":"WebSite","@id":"https:\/\/viajayvuela.framelova.info\/#website","url":"https:\/\/viajayvuela.framelova.info\/","name":"Viaja y Vuela","description":"con tarifas outlet","publisher":{"@id":"https:\/\/viajayvuela.framelova.info\/#organization"},"potentialAction":[{"@type":"SearchAction","target":{"@type":"EntryPoint","urlTemplate":"https:\/\/viajayvuela.framelova.info\/?s={search_term_string}"},"query-input":{"@type":"PropertyValueSpecification","valueRequired":true,"valueName":"search_term_string"}}],"inLanguage":"en-GB"},{"@type":"Organization","@id":"https:\/\/viajayvuela.framelova.info\/#organization","name":"Viaja y Vuela","url":"https:\/\/viajayvuela.framelova.info\/","logo":{"@type":"ImageObject","inLanguage":"en-GB","@id":"https:\/\/viajayvuela.framelova.info\/#\/schema\/logo\/image\/","url":"https:\/\/viajayvuela.framelova.info\/wp-content\/uploads\/2022\/07\/Logo-vaiaja-y-vuela.png","contentUrl":"https:\/\/viajayvuela.framelova.info\/wp-content\/uploads\/2022\/07\/Logo-vaiaja-y-vuela.png","width":836,"height":1012,"caption":"Viaja y Vuela"},"image":{"@id":"https:\/\/viajayvuela.framelova.info\/#\/schema\/logo\/image\/"}}]}},"_links":{"self":[{"href":"https:\/\/viajayvuela.framelova.info\/en\/wp-json\/wp\/v2\/pages\/17640","targetHints":{"allow":["GET"]}}],"collection":[{"href":"https:\/\/viajayvuela.framelova.info\/en\/wp-json\/wp\/v2\/pages"}],"about":[{"href":"https:\/\/viajayvuela.framelova.info\/en\/wp-json\/wp\/v2\/types\/page"}],"author":[{"embeddable":true,"href":"https:\/\/viajayvuela.framelova.info\/en\/wp-json\/wp\/v2\/users\/1"}],"replies":[{"embeddable":true,"href":"https:\/\/viajayvuela.framelova.info\/en\/wp-json\/wp\/v2\/comments?post=17640"}],"version-history":[{"count":4,"href":"https:\/\/viajayvuela.framelova.info\/en\/wp-json\/wp\/v2\/pages\/17640\/revisions"}],"predecessor-version":[{"id":17644,"href":"https:\/\/viajayvuela.framelova.info\/en\/wp-json\/wp\/v2\/pages\/17640\/revisions\/17644"}],"wp:attachment":[{"href":"https:\/\/viajayvuela.framelova.info\/en\/wp-json\/wp\/v2\/media?parent=17640"}],"curies":[{"name":"wp","href":"https:\/\/api.w.org\/{rel}","templated":true}]}}