{"id":8940,"date":"2023-10-05T09:54:46","date_gmt":"2023-10-05T15:54:46","guid":{"rendered":"https:\/\/viajayvuela.com.mx\/?page_id=8940"},"modified":"2024-10-05T10:20:26","modified_gmt":"2024-10-05T16:20:26","slug":"termino-del-registro","status":"publish","type":"page","link":"https:\/\/viajayvuela.framelova.info\/en\/termino-del-registro\/","title":{"rendered":"T\u00e9rmino de preventa"},"content":{"rendered":"<div data-elementor-type=\"wp-page\" data-elementor-id=\"8940\" class=\"elementor elementor-8940\" data-elementor-post-type=\"page\">\n\t\t\t\t\t\t<section data-particle_enable=\"false\" data-particle-mobile-disabled=\"false\" class=\"elementor-section elementor-top-section elementor-element elementor-element-6caad46 elementor-section-full_width elementor-section-height-min-height elementor-section-height-default elementor-section-items-middle\" data-id=\"6caad46\" data-element_type=\"section\" data-settings=\"{&quot;background_background&quot;:&quot;classic&quot;}\">\n\t\t\t\t\t\t\t<div class=\"elementor-background-overlay\"><\/div>\n\t\t\t\t\t\t\t<div class=\"elementor-container elementor-column-gap-default\">\n\t\t\t\t\t<div class=\"elementor-column elementor-col-100 elementor-top-column elementor-element elementor-element-6e11d68\" data-id=\"6e11d68\" data-element_type=\"column\">\n\t\t\t<div class=\"elementor-widget-wrap elementor-element-populated\">\n\t\t\t\t\t\t<div class=\"elementor-element elementor-element-4a60c09 elementor-widget elementor-widget-heading\" data-id=\"4a60c09\" data-element_type=\"widget\" data-widget_type=\"heading.default\">\n\t\t\t\t<div class=\"elementor-widget-container\">\n\t\t\t\t\t<h2 class=\"elementor-heading-title elementor-size-default\">LA PREVENTA CONCLUY\u00d3<\/BR>\nTE ESPERAMOS EN EL WTC<\/h2>\t\t\t\t<\/div>\n\t\t\t\t<\/div>\n\t\t\t\t\t<\/div>\n\t\t<\/div>\n\t\t\t\t\t<\/div>\n\t\t<\/section>\n\t\t\t\t<section data-particle_enable=\"false\" data-particle-mobile-disabled=\"false\" class=\"elementor-section elementor-top-section elementor-element elementor-element-2fc27cb elementor-section-boxed elementor-section-height-default elementor-section-height-default\" data-id=\"2fc27cb\" data-element_type=\"section\">\n\t\t\t\t\t\t<div class=\"elementor-container elementor-column-gap-default\">\n\t\t\t\t\t<div class=\"elementor-column elementor-col-100 elementor-top-column elementor-element elementor-element-10ffc8c\" data-id=\"10ffc8c\" data-element_type=\"column\">\n\t\t\t<div class=\"elementor-widget-wrap elementor-element-populated\">\n\t\t\t\t\t\t<div class=\"elementor-element elementor-element-7b7e2c8 elementor-widget elementor-widget-heading\" data-id=\"7b7e2c8\" data-element_type=\"widget\" data-widget_type=\"heading.default\">\n\t\t\t\t<div class=\"elementor-widget-container\">\n\t\t\t\t\t<h2 class=\"elementor-heading-title elementor-size-default\">MANTENTE ALERTA<\/h2>\t\t\t\t<\/div>\n\t\t\t\t<\/div>\n\t\t\t\t<div class=\"elementor-element elementor-element-3e70f6a elementor-widget elementor-widget-text-editor\" data-id=\"3e70f6a\" data-element_type=\"widget\" data-widget_type=\"text-editor.default\">\n\t\t\t\t<div class=\"elementor-widget-container\">\n\t\t\t\t\t\t\t\t\t<p>Te esperamos el pr\u00f3ximo a\u00f1o <strong>\u00a1no te lo pierdas!<\/strong><\/p>\t\t\t\t\t\t\t\t<\/div>\n\t\t\t\t<\/div>\n\t\t\t\t<div class=\"elementor-element elementor-element-2190acc elementor-hidden-desktop elementor-hidden-tablet elementor-hidden-mobile elementor-widget elementor-widget-shortcode\" data-id=\"2190acc\" data-element_type=\"widget\" data-widget_type=\"shortcode.default\">\n\t\t\t\t<div class=\"elementor-widget-container\">\n\t\t\t\t\t\t\t<div class=\"elementor-shortcode\">[elfsight_youtube_gallery id=\"1\"] <\/div>\n\t\t\t\t\t\t<\/div>\n\t\t\t\t<\/div>\n\t\t\t\t\t<\/div>\n\t\t<\/div>\n\t\t\t\t\t<\/div>\n\t\t<\/section>\n\t\t\t\t<\/div>","protected":false},"excerpt":{"rendered":"<p>LA PREVENTA CONCLUY\u00d3 TE ESPERAMOS EN EL WTC MANTENTE ALERTA Te esperamos el pr\u00f3ximo a\u00f1o \u00a1no te lo pierdas! [elfsight_youtube_gallery id=&#8221;1&#8243;]<\/p>","protected":false},"author":1,"featured_media":0,"parent":0,"menu_order":0,"comment_status":"closed","ping_status":"closed","template":"","meta":{"footnotes":""},"class_list":["post-8940","page","type-page","status-publish","hentry"],"yoast_head":"<!-- This site is optimized with the Yoast SEO plugin v24.8 - https:\/\/yoast.com\/wordpress\/plugins\/seo\/ -->\n<title>T\u00e9rmino de preventa - Viaja y Vuela<\/title>\n<meta name=\"robots\" content=\"index, follow, max-snippet:-1, max-image-preview:large, max-video-preview:-1\" \/>\n<link rel=\"canonical\" href=\"https:\/\/viajayvuela.framelova.info\/en\/termino-del-registro\/\" \/>\n<meta property=\"og:locale\" content=\"en_GB\" \/>\n<meta property=\"og:type\" content=\"article\" \/>\n<meta property=\"og:title\" content=\"T\u00e9rmino de preventa - Viaja y Vuela\" \/>\n<meta property=\"og:description\" content=\"LA PREVENTA CONCLUY\u00d3 TE ESPERAMOS EN EL WTC MANTENTE ALERTA Te esperamos el pr\u00f3ximo a\u00f1o \u00a1no te lo pierdas! [elfsight_youtube_gallery id=&#8221;1&#8243;]\" \/>\n<meta property=\"og:url\" content=\"https:\/\/viajayvuela.framelova.info\/en\/termino-del-registro\/\" \/>\n<meta property=\"og:site_name\" content=\"Viaja y Vuela\" \/>\n<meta property=\"article:modified_time\" content=\"2024-10-05T16:20:26+00:00\" \/>\n<meta name=\"twitter:card\" content=\"summary_large_image\" \/>\n<meta name=\"twitter:label1\" content=\"Estimated reading time\" \/>\n\t<meta name=\"twitter:data1\" content=\"1 minute\" \/>\n<script type=\"application\/ld+json\" class=\"yoast-schema-graph\">{\"@context\":\"https:\/\/schema.org\",\"@graph\":[{\"@type\":\"WebPage\",\"@id\":\"https:\/\/viajayvuela.framelova.info\/termino-del-registro\/\",\"url\":\"https:\/\/viajayvuela.framelova.info\/termino-del-registro\/\",\"name\":\"T\u00e9rmino de preventa - Viaja y Vuela\",\"isPartOf\":{\"@id\":\"https:\/\/viajayvuela.framelova.info\/#website\"},\"datePublished\":\"2023-10-05T15:54:46+00:00\",\"dateModified\":\"2024-10-05T16:20:26+00:00\",\"breadcrumb\":{\"@id\":\"https:\/\/viajayvuela.framelova.info\/termino-del-registro\/#breadcrumb\"},\"inLanguage\":\"en-GB\",\"potentialAction\":[{\"@type\":\"ReadAction\",\"target\":[\"https:\/\/viajayvuela.framelova.info\/termino-del-registro\/\"]}]},{\"@type\":\"BreadcrumbList\",\"@id\":\"https:\/\/viajayvuela.framelova.info\/termino-del-registro\/#breadcrumb\",\"itemListElement\":[{\"@type\":\"ListItem\",\"position\":1,\"name\":\"Home\",\"item\":\"https:\/\/viajayvuela.framelova.info\/\"},{\"@type\":\"ListItem\",\"position\":2,\"name\":\"T\u00e9rmino de preventa\"}]},{\"@type\":\"WebSite\",\"@id\":\"https:\/\/viajayvuela.framelova.info\/#website\",\"url\":\"https:\/\/viajayvuela.framelova.info\/\",\"name\":\"Viaja y Vuela\",\"description\":\"con tarifas outlet\",\"publisher\":{\"@id\":\"https:\/\/viajayvuela.framelova.info\/#organization\"},\"potentialAction\":[{\"@type\":\"SearchAction\",\"target\":{\"@type\":\"EntryPoint\",\"urlTemplate\":\"https:\/\/viajayvuela.framelova.info\/?s={search_term_string}\"},\"query-input\":{\"@type\":\"PropertyValueSpecification\",\"valueRequired\":true,\"valueName\":\"search_term_string\"}}],\"inLanguage\":\"en-GB\"},{\"@type\":\"Organization\",\"@id\":\"https:\/\/viajayvuela.framelova.info\/#organization\",\"name\":\"Viaja y Vuela\",\"url\":\"https:\/\/viajayvuela.framelova.info\/\",\"logo\":{\"@type\":\"ImageObject\",\"inLanguage\":\"en-GB\",\"@id\":\"https:\/\/viajayvuela.framelova.info\/#\/schema\/logo\/image\/\",\"url\":\"https:\/\/viajayvuela.framelova.info\/wp-content\/uploads\/2022\/07\/Logo-vaiaja-y-vuela.png\",\"contentUrl\":\"https:\/\/viajayvuela.framelova.info\/wp-content\/uploads\/2022\/07\/Logo-vaiaja-y-vuela.png\",\"width\":836,\"height\":1012,\"caption\":\"Viaja y Vuela\"},\"image\":{\"@id\":\"https:\/\/viajayvuela.framelova.info\/#\/schema\/logo\/image\/\"}}]}<\/script>\n<!-- \/ Yoast SEO plugin. -->","yoast_head_json":{"title":"T\u00e9rmino de preventa - Viaja y Vuela","robots":{"index":"index","follow":"follow","max-snippet":"max-snippet:-1","max-image-preview":"max-image-preview:large","max-video-preview":"max-video-preview:-1"},"canonical":"https:\/\/viajayvuela.framelova.info\/en\/termino-del-registro\/","og_locale":"en_GB","og_type":"article","og_title":"T\u00e9rmino de preventa - Viaja y Vuela","og_description":"LA PREVENTA CONCLUY\u00d3 TE ESPERAMOS EN EL WTC MANTENTE ALERTA Te esperamos el pr\u00f3ximo a\u00f1o \u00a1no te lo pierdas! [elfsight_youtube_gallery id=&#8221;1&#8243;]","og_url":"https:\/\/viajayvuela.framelova.info\/en\/termino-del-registro\/","og_site_name":"Viaja y Vuela","article_modified_time":"2024-10-05T16:20:26+00:00","twitter_card":"summary_large_image","twitter_misc":{"Estimated reading time":"1 minute"},"schema":{"@context":"https:\/\/schema.org","@graph":[{"@type":"WebPage","@id":"https:\/\/viajayvuela.framelova.info\/termino-del-registro\/","url":"https:\/\/viajayvuela.framelova.info\/termino-del-registro\/","name":"T\u00e9rmino de preventa - Viaja y Vuela","isPartOf":{"@id":"https:\/\/viajayvuela.framelova.info\/#website"},"datePublished":"2023-10-05T15:54:46+00:00","dateModified":"2024-10-05T16:20:26+00:00","breadcrumb":{"@id":"https:\/\/viajayvuela.framelova.info\/termino-del-registro\/#breadcrumb"},"inLanguage":"en-GB","potentialAction":[{"@type":"ReadAction","target":["https:\/\/viajayvuela.framelova.info\/termino-del-registro\/"]}]},{"@type":"BreadcrumbList","@id":"https:\/\/viajayvuela.framelova.info\/termino-del-registro\/#breadcrumb","itemListElement":[{"@type":"ListItem","position":1,"name":"Home","item":"https:\/\/viajayvuela.framelova.info\/"},{"@type":"ListItem","position":2,"name":"T\u00e9rmino de preventa"}]},{"@type":"WebSite","@id":"https:\/\/viajayvuela.framelova.info\/#website","url":"https:\/\/viajayvuela.framelova.info\/","name":"Viaja y Vuela","description":"con tarifas outlet","publisher":{"@id":"https:\/\/viajayvuela.framelova.info\/#organization"},"potentialAction":[{"@type":"SearchAction","target":{"@type":"EntryPoint","urlTemplate":"https:\/\/viajayvuela.framelova.info\/?s={search_term_string}"},"query-input":{"@type":"PropertyValueSpecification","valueRequired":true,"valueName":"search_term_string"}}],"inLanguage":"en-GB"},{"@type":"Organization","@id":"https:\/\/viajayvuela.framelova.info\/#organization","name":"Viaja y Vuela","url":"https:\/\/viajayvuela.framelova.info\/","logo":{"@type":"ImageObject","inLanguage":"en-GB","@id":"https:\/\/viajayvuela.framelova.info\/#\/schema\/logo\/image\/","url":"https:\/\/viajayvuela.framelova.info\/wp-content\/uploads\/2022\/07\/Logo-vaiaja-y-vuela.png","contentUrl":"https:\/\/viajayvuela.framelova.info\/wp-content\/uploads\/2022\/07\/Logo-vaiaja-y-vuela.png","width":836,"height":1012,"caption":"Viaja y Vuela"},"image":{"@id":"https:\/\/viajayvuela.framelova.info\/#\/schema\/logo\/image\/"}}]}},"_links":{"self":[{"href":"https:\/\/viajayvuela.framelova.info\/en\/wp-json\/wp\/v2\/pages\/8940","targetHints":{"allow":["GET"]}}],"collection":[{"href":"https:\/\/viajayvuela.framelova.info\/en\/wp-json\/wp\/v2\/pages"}],"about":[{"href":"https:\/\/viajayvuela.framelova.info\/en\/wp-json\/wp\/v2\/types\/page"}],"author":[{"embeddable":true,"href":"https:\/\/viajayvuela.framelova.info\/en\/wp-json\/wp\/v2\/users\/1"}],"replies":[{"embeddable":true,"href":"https:\/\/viajayvuela.framelova.info\/en\/wp-json\/wp\/v2\/comments?post=8940"}],"version-history":[{"count":9,"href":"https:\/\/viajayvuela.framelova.info\/en\/wp-json\/wp\/v2\/pages\/8940\/revisions"}],"predecessor-version":[{"id":17401,"href":"https:\/\/viajayvuela.framelova.info\/en\/wp-json\/wp\/v2\/pages\/8940\/revisions\/17401"}],"wp:attachment":[{"href":"https:\/\/viajayvuela.framelova.info\/en\/wp-json\/wp\/v2\/media?parent=8940"}],"curies":[{"name":"wp","href":"https:\/\/api.w.org\/{rel}","templated":true}]}}